{"id":6343,"date":"2022-03-28T21:19:04","date_gmt":"2022-03-28T21:19:04","guid":{"rendered":"https:\/\/www.karl-lamers.de\/?page_id=6343"},"modified":"2022-03-28T21:22:24","modified_gmt":"2022-03-28T21:22:24","slug":"datenschutzerklarung","status":"publish","type":"page","link":"https:\/\/www.karl-lamers.de\/de\/datenschutzerklarung\/","title":{"rendered":"Datenschutz"},"content":{"rendered":"\t\t<div data-elementor-type=\"wp-page\" data-elementor-id=\"6343\" class=\"elementor elementor-6343\">\n\t\t\t\t\t\t<section class=\"elementor-section elementor-top-section elementor-element elementor-element-d4d24e6 elementor-section-boxed elementor-section-height-default elementor-section-height-default\" data-id=\"d4d24e6\" data-element_type=\"section\">\n\t\t\t\t\t\t<div class=\"elementor-container elementor-column-gap-default\">\n\t\t\t\t\t<div class=\"elementor-column elementor-col-100 elementor-top-column elementor-element elementor-element-7b50fe4\" data-id=\"7b50fe4\" data-element_type=\"column\">\n\t\t\t<div class=\"elementor-widget-wrap elementor-element-populated\">\n\t\t\t\t\t\t<div class=\"elementor-element elementor-element-34a0ab3 elementor-widget elementor-widget-text-editor\" data-id=\"34a0ab3\" data-element_type=\"widget\" data-widget_type=\"text-editor.default\">\n\t\t\t\t<div class=\"elementor-widget-container\">\n\t\t\t\t\t\t\t<div class=\"elementor-element elementor-element-767bed6 elementor-widget elementor-widget-heading\" data-id=\"767bed6\" data-element_type=\"widget\" data-widget_type=\"heading.default\"><div class=\"elementor-widget-container\"><h2>DATENSCHUTZERKL\u00c4RUNG\u00a0<\/h2><p>Wir freuen uns \u00fcber Ihren Besuch auf unseren Webseiten. Nachfolgend m\u00f6chten wir Sie \u00fcber den Umgang mit Ihren Daten gem. Art. 13 Datenschutzgrundverordnung (DSGVO) informieren.\u00a0<\/p><p>\u00a0<\/p><h3>VERANTWORTLICHER<\/h3><p>Verantwortlich f\u00fcr die nachfolgend dargestellte Datenerhebung und Verarbeitung ist die im Impressum\u00a0genannte Stelle.<\/p><p>\u00a0<\/p><h3>NUTZUNGSDATEN<\/h3><p>Um die Qualit\u00e4t unserer Webseiten zu verbessern, speichern wir zu statistischen Zwecken Daten \u00fcber den einzelnen Zugriff auf unsere Seite. Dieser Datensatz besteht aus<\/p><ul><li>der Seite, von der aus die Datei angefordert wurde,<\/li><li>dem Namen der Datei,<\/li><li>dem Datum und der Uhrzeit der Abfrage,<\/li><li>der \u00fcbertragenen Datenmenge,<\/li><li>dem Zugriffsstatus (Datei \u00fcbertragen, Datei nicht gefunden),<\/li><li>der Beschreibung des Typs des verwendeten Webbrowsers,<\/li><li>der IP-Adresse des anfragenden Rechners, die so verk\u00fcrzt wird, dass ein Personenbezug nicht mehr herstellbar ist.<\/li><\/ul><p>Die genannten Protokolldaten werden nur anonymisiert gespeichert.<\/p><p>\u00a0<\/p><h3>DATENSICHERHEIT<\/h3><p>Um Ihre Daten vor unerw\u00fcnschten Zugriffen m\u00f6glichst umfassend zu sch\u00fctzen, treffen wir technische und organisatorische Ma\u00dfnahmen. Wir setzen auf unseren Seiten ein Verschl\u00fcsselungsverfahren ein. Ihre Angaben werden von Ihrem Rechner zu unserem Server und umgekehrt \u00fcber das Internet mittels einer TLS-Verschl\u00fcsselung \u00fcbertragen. Sie erkennen dies daran, dass in der Statusleiste Ihres Browsers das Schloss-Symbol geschlossen ist und die Adresszeile mit https:\/\/ beginnt.<\/p><p>\u00a0<\/p><h3>COOKIES\u00a0<\/h3><p>Auf unseren Webseiten nutzen wir Cookies. Cookies sind kleine Textdateien, die auf Ihrem Endger\u00e4t gespeichert und ausgelesen werden k\u00f6nnen. Man unterscheidet zwischen Session-Cookies, die wieder gel\u00f6scht werden, sobald Sie ihren Browser schlie\u00dfen und permanenten Cookies, die \u00fcber die einzelne Sitzung hinaus gespeichert werden. Cookies k\u00f6nnen Daten enthalten, die eine Wiedererkennung des genutzten Ger\u00e4ts m\u00f6glich machen. Teilweise enthalten Cookies aber auch lediglich Informationen zu bestimmten Einstellungen, die nicht personenbeziehbar sind.<br \/>Wir nutzen auf unseren Webseiten Session-Cookies. Die Verarbeitung erfolgt auf Grundlage von Art. 6 Abs. 1 lit. f DSGVO und in dem Interesse die Benutzerf\u00fchrung zu optimieren.<br \/>Sie k\u00f6nnen Ihren Browser so einstellen, dass er Sie \u00fcber die Platzierung von Cookies informiert. So wird der Gebrauch von Cookies f\u00fcr Sie transparent. Sie k\u00f6nnen Cookies zudem jederzeit \u00fcber die entsprechende Browsereinstellung l\u00f6schen und das Setzen neuer Cookies verhindern. Bitte beachten Sie, dass unsere Webseiten dann ggf. nicht optimal angezeigt werden und einige Funktionen technisch nicht mehr zur Verf\u00fcgung stehen.<\/p><p>\u00a0<\/p><h3>GOOGLE MAPS<\/h3><p>Auf einigen Unterseiten nutzen wir Karten von Google Maps. Ein Aufruf dieser Unterseiten f\u00fchrt dazu, dass Inhalte von Google nachgeladen werden. In diesem Rahmen erh\u00e4lt Google auch Ihre IP-Adresse, die technisch zum Abruf der Inhalte erforderlich ist. Wir haben auf die weitere Verarbeitung durch Google grunds\u00e4tzlich keinen Einfluss.\u00a0<\/p><p>\u00a0<\/p><h3>DATEN\u00dcBERMITTLUNG AN DRITTE<\/h3><p>Wir behandeln Ihre personenbezogenen Daten vertraulich und \u00fcbermitteln diese nicht an unbefugte Dritte.<\/p><p>\u00a0<\/p><h3>AUFTRAGSVERARBEITUNG<\/h3><p>Im Rahmen des Betriebs dieser Webseiten und der damit zusammenh\u00e4ngenden Prozesse k\u00f6nnen uns weitere Dienstleister unterst\u00fctzen (z. B. beim Hosting und der Webentwicklung). Diese Dienstleister sind uns gegen\u00fcber streng weisungsgebunden und entsprechend Artikel 28 Datenschutzgrundverordnung vertraglich verpflichtet.<\/p><p>\u00a0<\/p><h3>IHRE RECHTE ALS NUTZER<\/h3><p>Bei Verarbeitung Ihrer personenbezogenen Daten gew\u00e4hrt die DSGVO Ihnen als Webseitennutzer bestimmte Rechte:<\/p><p><strong>1.) Auskunftsrecht (Art. 15 DSGVO):<\/strong><\/p><p>Sie haben das Recht eine Best\u00e4tigung dar\u00fcber zu verlangen, ob sie betreffende personenbezogene Daten verarbeitet werden; ist dies der Fall, so haben Sie ein Recht auf Auskunft \u00fcber diese personenbezogenen Daten und auf die in Art. 15 DSGVO im einzelnen aufgef\u00fchrten Informationen.<\/p><p><strong>2.) Recht auf Berichtigung und L\u00f6schung (Art. 16 und 17 DSGVO):<\/strong><\/p><p>Sie haben das Recht, unverz\u00fcglich die Berichtigung sie betreffender unrichtiger personenbezogener Daten und ggf. die Vervollst\u00e4ndigung unvollst\u00e4ndiger personenbezogener Daten zu verlangen.<br \/>Sie haben zudem das Recht, zu verlangen, dass sie betreffende personenbezogene Daten unverz\u00fcglich gel\u00f6scht werden, sofern einer der in Art. 17 DSGVO im einzelnen aufgef\u00fchrten Gr\u00fcnde zutrifft, z. B. wenn die Daten f\u00fcr die verfolgten Zwecke nicht mehr ben\u00f6tigt werden.<\/p><p><strong>3.) Recht auf Einschr\u00e4nkung der Verarbeitung (Art. 18 DSGVO):<\/strong><\/p><p>Sie haben das Recht, die Einschr\u00e4nkung der Verarbeitung zu verlangen, wenn eine der in Art. 18 DSGVO aufgef\u00fchrten Voraussetzungen gegeben ist, z. B. wenn Sie Widerspruch gegen die Verarbeitung eingelegt haben, f\u00fcr die Dauer einer etwaigen Pr\u00fcfung.<\/p><p><strong>4.) Recht auf Daten\u00fcbertragbarkeit (Art. 20 DSGVO):<\/strong><\/p><p>In bestimmten F\u00e4llen, die in Art. 20 DSGVO im Einzelnen aufgef\u00fchrt werden, haben Sie das Recht, die sie betreffenden personenbezogenen Daten in einem strukturierten, g\u00e4ngigen und maschinenlesbaren Format zu erhalten bzw. die \u00dcbermittlung dieser Daten an einen Dritten zu verlangen.\u00a0<\/p><p><strong>5.) Widerspruchsrecht (Art. 21 DSGVO):<\/strong><\/p><p>Werden Daten auf Grundlage von Art. 6 Abs. 1 lit. f erhoben (Datenverarbeitung zur Wahrung berechtigter Interessen), steht Ihnen das Recht zu, aus Gr\u00fcnden, die sich aus Ihrer besonderen Situation ergeben, jederzeit gegen die Verarbeitung Widerspruch einzulegen. Wir verarbeiten die personenbezogenen Daten dann nicht mehr, es sei denn, es liegen nachweisbar zwingende schutzw\u00fcrdige Gr\u00fcnde f\u00fcr die Verarbeitung vor, die die Interessen, Rechte und Freiheiten der betroffenen Person \u00fcberwiegen, oder die Verarbeitung dient der Geltendmachung, Aus\u00fcbung oder Verteidigung von Rechtsanspr\u00fcchen.<\/p><p>\u00a0<\/p><h3>BESCHWERDERECHT BEI EINER AUFSICHTSBEH\u00d6RDE<\/h3><p>Sie haben gem. Art. 77 DSGVO das Recht auf Beschwerde bei einer Aufsichtsbeh\u00f6rde, wenn Sie der Ansicht sind, dass die Verarbeitung der Sie betreffenden Daten gegen datenschutzrechtliche Bestimmungen verst\u00f6\u00dft. Das Beschwerderecht kann insbesondere bei einer Aufsichtsbeh\u00f6rde in dem Mitgliedstaat Ihres Aufenthaltsorts, Ihres Arbeitsplatzes oder des Orts des mutma\u00dflichen Versto\u00dfes geltend gemacht werden.<\/p><p>\u00a0<\/p><h3>KONTAKTDATEN DES DATENSCHUTZBEAUFTRAGTEN<\/h3><p class=\"elementor-heading-title elementor-size-default\">Unser betrieblicher Datenschutzbeauftragter steht Ihnen gerne f\u00fcr Ausk\u00fcnfte oder Anregungen zum Thema Datenschutz zur Verf\u00fcgung<\/p><\/div><\/div>\t\t\t\t\t\t<\/div>\n\t\t\t\t<\/div>\n\t\t\t\t\t<\/div>\n\t\t<\/div>\n\t\t\t\t\t<\/div>\n\t\t<\/section>\n\t\t\t\t<\/div>\n\t\t","protected":false},"excerpt":{"rendered":"<p>DATENSCHUTZERKL\u00c4RUNG\u00a0 Wir freuen uns \u00fcber Ihren Besuch auf unseren Webseiten. Nachfolgend m\u00f6chten wir Sie \u00fcber den Umgang mit Ihren Daten gem. Art. 13 Datenschutzgrundverordnung (DSGVO) informieren.\u00a0 \u00a0 VERANTWORTLICHER Verantwortlich f\u00fcr die nachfolgend dargestellte Datenerhebung und Verarbeitung ist die im Impressum\u00a0genannte Stelle. \u00a0 NUTZUNGSDATEN Um die Qualit\u00e4t unserer Webseiten zu verbessern, speichern wir zu statistischen Zwecken [&hellip;]<\/p>\n","protected":false},"author":1,"featured_media":0,"parent":0,"menu_order":0,"comment_status":"closed","ping_status":"closed","template":"","meta":{"site-sidebar-layout":"no-sidebar","site-content-layout":"page-builder","ast-site-content-layout":"","site-content-style":"default","site-sidebar-style":"default","ast-global-header-display":"","ast-banner-title-visibility":"","ast-main-header-display":"","ast-hfb-above-header-display":"","ast-hfb-below-header-display":"","ast-hfb-mobile-header-display":"","site-post-title":"disabled","ast-breadcrumbs-content":"","ast-featured-img":"disabled","footer-sml-layout":"","theme-transparent-header-meta":"","adv-header-id-meta":"","stick-header-meta":"","header-above-stick-meta":"","header-main-stick-meta":"","header-below-stick-meta":"","astra-migrate-meta-layouts":"default","ast-page-background-enabled":"default","ast-page-background-meta":{"desktop":{"background-color":"","background-image":"","background-repeat":"repeat","background-position":"center center","background-size":"auto","background-attachment":"scroll","background-type":"","background-media":"","overlay-type":"","overlay-color":"","overlay-gradient":""},"tablet":{"background-color":"","background-image":"","background-repeat":"repeat","background-position":"center center","background-size":"auto","background-attachment":"scroll","background-type":"","background-media":"","overlay-type":"","overlay-color":"","overlay-gradient":""},"mobile":{"background-color":"","background-image":"","background-repeat":"repeat","background-position":"center center","background-size":"auto","background-attachment":"scroll","background-type":"","background-media":"","overlay-type":"","overlay-color":"","overlay-gradient":""}},"ast-content-background-meta":{"desktop":{"background-color":"var(--ast-global-color-5)","background-image":"","background-repeat":"repeat","background-position":"center center","background-size":"auto","background-attachment":"scroll","background-type":"","background-media":"","overlay-type":"","overlay-color":"","overlay-gradient":""},"tablet":{"background-color":"var(--ast-global-color-5)","background-image":"","background-repeat":"repeat","background-position":"center center","background-size":"auto","background-attachment":"scroll","background-type":"","background-media":"","overlay-type":"","overlay-color":"","overlay-gradient":""},"mobile":{"background-color":"var(--ast-global-color-5)","background-image":"","background-repeat":"repeat","background-position":"center center","background-size":"auto","background-attachment":"scroll","background-type":"","background-media":"","overlay-type":"","overlay-color":"","overlay-gradient":""}},"footnotes":""},"wf_page_folders":[75],"_links":{"self":[{"href":"https:\/\/www.karl-lamers.de\/de\/wp-json\/wp\/v2\/pages\/6343"}],"collection":[{"href":"https:\/\/www.karl-lamers.de\/de\/wp-json\/wp\/v2\/pages"}],"about":[{"href":"https:\/\/www.karl-lamers.de\/de\/wp-json\/wp\/v2\/types\/page"}],"author":[{"embeddable":true,"href":"https:\/\/www.karl-lamers.de\/de\/wp-json\/wp\/v2\/users\/1"}],"replies":[{"embeddable":true,"href":"https:\/\/www.karl-lamers.de\/de\/wp-json\/wp\/v2\/comments?post=6343"}],"version-history":[{"count":4,"href":"https:\/\/www.karl-lamers.de\/de\/wp-json\/wp\/v2\/pages\/6343\/revisions"}],"predecessor-version":[{"id":6348,"href":"https:\/\/www.karl-lamers.de\/de\/wp-json\/wp\/v2\/pages\/6343\/revisions\/6348"}],"wp:attachment":[{"href":"https:\/\/www.karl-lamers.de\/de\/wp-json\/wp\/v2\/media?parent=6343"}],"wp:term":[{"taxonomy":"wf_page_folders","embeddable":true,"href":"https:\/\/www.karl-lamers.de\/de\/wp-json\/wp\/v2\/wf_page_folders?post=6343"}],"curies":[{"name":"wp","href":"https:\/\/api.w.org\/{rel}","templated":true}]}}