{"id":6676,"date":"2022-04-27T20:29:15","date_gmt":"2022-04-27T20:29:15","guid":{"rendered":"https:\/\/www.karl-lamers.de\/?page_id=6676"},"modified":"2024-11-20T10:12:55","modified_gmt":"2024-11-20T10:12:55","slug":"pressemitteilungen","status":"publish","type":"page","link":"https:\/\/www.karl-lamers.de\/de\/pressemitteilungen\/","title":{"rendered":"Pressemitteilungen"},"content":{"rendered":"\t\t<div data-elementor-type=\"wp-page\" data-elementor-id=\"6676\" class=\"elementor elementor-6676\">\n\t\t\t\t\t\t<section class=\"elementor-section elementor-top-section elementor-element elementor-element-bbc9b56 elementor-section-boxed elementor-section-height-default elementor-section-height-default\" data-id=\"bbc9b56\" data-element_type=\"section\">\n\t\t\t\t\t\t<div class=\"elementor-container elementor-column-gap-default\">\n\t\t\t\t\t<div class=\"elementor-column elementor-col-100 elementor-top-column elementor-element elementor-element-956009c\" data-id=\"956009c\" data-element_type=\"column\">\n\t\t\t<div class=\"elementor-widget-wrap elementor-element-populated\">\n\t\t\t\t\t\t<div class=\"elementor-element elementor-element-ed8de17 elementor-widget-divider--view-line_text elementor-widget-divider--element-align-right elementor-widget elementor-widget-divider\" data-id=\"ed8de17\" data-element_type=\"widget\" data-widget_type=\"divider.default\">\n\t\t\t\t<div class=\"elementor-widget-container\">\n\t\t\t\t\t<div class=\"elementor-divider\">\n\t\t\t<span class=\"elementor-divider-separator\">\n\t\t\t\t\t\t<\/span>\n\t\t<\/div>\n\t\t\t\t<\/div>\n\t\t\t\t<\/div>\n\t\t\t\t\t<\/div>\n\t\t<\/div>\n\t\t\t\t\t<\/div>\n\t\t<\/section>\n\t\t\t\t<section class=\"elementor-section elementor-top-section elementor-element elementor-element-abc80b0 elementor-section-boxed elementor-section-height-default elementor-section-height-default\" data-id=\"abc80b0\" data-element_type=\"section\">\n\t\t\t\t\t\t<div class=\"elementor-container elementor-column-gap-default\">\n\t\t\t\t\t<div class=\"elementor-column elementor-col-100 elementor-top-column elementor-element elementor-element-badcebf\" data-id=\"badcebf\" data-element_type=\"column\">\n\t\t\t<div class=\"elementor-widget-wrap elementor-element-populated\">\n\t\t\t\t\t\t<div class=\"elementor-element elementor-element-9cc726c elementor-widget elementor-widget-heading\" data-id=\"9cc726c\" data-element_type=\"widget\" data-widget_type=\"heading.default\">\n\t\t\t\t<div class=\"elementor-widget-container\">\n\t\t\t<h2 class=\"elementor-heading-title elementor-size-default\">Pressemitteilungen<\/h2>\t\t<\/div>\n\t\t\t\t<\/div>\n\t\t\t\t\t<\/div>\n\t\t<\/div>\n\t\t\t\t\t<\/div>\n\t\t<\/section>\n\t\t\t\t<section class=\"elementor-section elementor-top-section elementor-element elementor-element-7f7c0b4 elementor-section-boxed elementor-section-height-default elementor-section-height-default\" data-id=\"7f7c0b4\" data-element_type=\"section\">\n\t\t\t\t\t\t<div class=\"elementor-container elementor-column-gap-default\">\n\t\t\t\t\t<div class=\"elementor-column elementor-col-50 elementor-top-column elementor-element elementor-element-96997ce\" data-id=\"96997ce\" data-element_type=\"column\">\n\t\t\t<div class=\"elementor-widget-wrap elementor-element-populated\">\n\t\t\t\t\t\t<div class=\"elementor-element elementor-element-0925c54 elementor-grid-1 elementor-posts--thumbnail-left elementor-posts--align-left elementor-grid-tablet-1 elementor-grid-mobile-1 elementor-widget elementor-widget-posts\" data-id=\"0925c54\" data-element_type=\"widget\" data-settings=\"{&quot;classic_columns&quot;:&quot;1&quot;,&quot;classic_row_gap&quot;:{&quot;unit&quot;:&quot;px&quot;,&quot;size&quot;:&quot;50&quot;,&quot;sizes&quot;:[]},&quot;classic_columns_tablet&quot;:&quot;1&quot;,&quot;classic_columns_mobile&quot;:&quot;1&quot;,&quot;classic_row_gap_tablet&quot;:{&quot;unit&quot;:&quot;px&quot;,&quot;size&quot;:&quot;&quot;,&quot;sizes&quot;:[]},&quot;classic_row_gap_mobile&quot;:{&quot;unit&quot;:&quot;px&quot;,&quot;size&quot;:&quot;&quot;,&quot;sizes&quot;:[]}}\" data-widget_type=\"posts.classic\">\n\t\t\t\t<div class=\"elementor-widget-container\">\n\t\t\t\t\t<div class=\"elementor-posts-container elementor-posts elementor-posts--skin-classic elementor-grid\">\n\t\t\t\t<article class=\"elementor-post elementor-grid-item post-8671 post type-post status-publish format-standard has-post-thumbnail hentry category-news\">\n\t\t\t\t<a class=\"elementor-post__thumbnail__link\" href=\"https:\/\/www.karl-lamers.de\/de\/drei-tage-intensiver-europaeischer-debatte-in-heidelberg-ein-starkes-signal-fuer-innovation-und-zusammenhalt\/\" >\n\t\t\t<div class=\"elementor-post__thumbnail\"><img fetchpriority=\"high\" decoding=\"async\" width=\"1050\" height=\"1599\" src=\"https:\/\/www.karl-lamers.de\/wp-content\/uploads\/2025\/12\/3.jpeg\" class=\"attachment-full size-full wp-image-8674\" alt=\"\" srcset=\"https:\/\/www.karl-lamers.de\/wp-content\/uploads\/2025\/12\/3.jpeg 1050w, https:\/\/www.karl-lamers.de\/wp-content\/uploads\/2025\/12\/3-197x300.jpeg 197w, https:\/\/www.karl-lamers.de\/wp-content\/uploads\/2025\/12\/3-672x1024.jpeg 672w, https:\/\/www.karl-lamers.de\/wp-content\/uploads\/2025\/12\/3-768x1170.jpeg 768w, https:\/\/www.karl-lamers.de\/wp-content\/uploads\/2025\/12\/3-1009x1536.jpeg 1009w, https:\/\/www.karl-lamers.de\/wp-content\/uploads\/2025\/12\/3-8x12.jpeg 8w\" sizes=\"(max-width: 1050px) 100vw, 1050px\" \/><\/div>\n\t\t<\/a>\n\t\t\t\t<div class=\"elementor-post__text\">\n\t\t\t\t<h3 class=\"elementor-post__title\">\n\t\t\t<a href=\"https:\/\/www.karl-lamers.de\/de\/drei-tage-intensiver-europaeischer-debatte-in-heidelberg-ein-starkes-signal-fuer-innovation-und-zusammenhalt\/\" >\n\t\t\t\tDrei Tage intensiver europ\u00e4ischer Debatte in Heidelberg \u2013 ein starkes Signal f\u00fcr Innovation und Zusammenhalt.\t\t\t<\/a>\n\t\t<\/h3>\n\t\t\t\t<div class=\"elementor-post__excerpt\">\n\t\t\t<p>Von Mittwochabend bis Freitag habe ich an der fraktionsoffenen Vorstandssitzung der Europ\u00e4ischen Volkspartei (EVP) in Heidelberg teilgenommen. Zu Beginn wiesen Manfred Weber MdEP, Partei- und<\/p>\n\t\t<\/div>\n\t\t\t\t<\/div>\n\t\t\t\t<\/article>\n\t\t\t\t<article class=\"elementor-post elementor-grid-item post-8668 post type-post status-publish format-standard has-post-thumbnail hentry category-news\">\n\t\t\t\t<a class=\"elementor-post__thumbnail__link\" href=\"https:\/\/www.karl-lamers.de\/de\/digitale-naehe-bruecken-bauen-mit-neuer-ki-technologie\/\" >\n\t\t\t<div class=\"elementor-post__thumbnail\"><img decoding=\"async\" width=\"1602\" height=\"921\" src=\"https:\/\/www.karl-lamers.de\/wp-content\/uploads\/2025\/12\/botgenossen.jpg\" class=\"attachment-full size-full wp-image-8670\" alt=\"\" srcset=\"https:\/\/www.karl-lamers.de\/wp-content\/uploads\/2025\/12\/botgenossen.jpg 1602w, https:\/\/www.karl-lamers.de\/wp-content\/uploads\/2025\/12\/botgenossen-300x172.jpg 300w, https:\/\/www.karl-lamers.de\/wp-content\/uploads\/2025\/12\/botgenossen-1024x589.jpg 1024w, https:\/\/www.karl-lamers.de\/wp-content\/uploads\/2025\/12\/botgenossen-768x442.jpg 768w, https:\/\/www.karl-lamers.de\/wp-content\/uploads\/2025\/12\/botgenossen-1536x883.jpg 1536w, https:\/\/www.karl-lamers.de\/wp-content\/uploads\/2025\/12\/botgenossen-18x10.jpg 18w\" sizes=\"(max-width: 1602px) 100vw, 1602px\" \/><\/div>\n\t\t<\/a>\n\t\t\t\t<div class=\"elementor-post__text\">\n\t\t\t\t<h3 class=\"elementor-post__title\">\n\t\t\t<a href=\"https:\/\/www.karl-lamers.de\/de\/digitale-naehe-bruecken-bauen-mit-neuer-ki-technologie\/\" >\n\t\t\t\tDigitale N\u00e4he \u2013 Br\u00fccken bauen mit neuer KI-Technologie\t\t\t<\/a>\n\t\t<\/h3>\n\t\t\t\t<div class=\"elementor-post__excerpt\">\n\t\t\t<p>Ein spannender Moment: Die Botgenossen GmbH, ans\u00e4ssig in Baden-W\u00fcrttemberg und Schleswig-Holstein,&nbsp; haben die Produktion und Aufnahme meines eigenen Video-Avatars abgeschlossen. Ich bin beeindruckt! Ein gro\u00dfer<\/p>\n\t\t<\/div>\n\t\t\t\t<\/div>\n\t\t\t\t<\/article>\n\t\t\t\t<article class=\"elementor-post elementor-grid-item post-8654 post type-post status-publish format-standard has-post-thumbnail hentry category-news\">\n\t\t\t\t<a class=\"elementor-post__thumbnail__link\" href=\"https:\/\/www.karl-lamers.de\/de\/80-jahre-rhein-neckar-zeitung\/\" >\n\t\t\t<div class=\"elementor-post__thumbnail\"><img decoding=\"async\" width=\"737\" height=\"573\" src=\"https:\/\/www.karl-lamers.de\/wp-content\/uploads\/2025\/11\/7a5481ee-5afc-43ab-ad15-5b4608bee190.jpg\" class=\"attachment-full size-full wp-image-8655\" alt=\"\" srcset=\"https:\/\/www.karl-lamers.de\/wp-content\/uploads\/2025\/11\/7a5481ee-5afc-43ab-ad15-5b4608bee190.jpg 737w, https:\/\/www.karl-lamers.de\/wp-content\/uploads\/2025\/11\/7a5481ee-5afc-43ab-ad15-5b4608bee190-300x233.jpg 300w, https:\/\/www.karl-lamers.de\/wp-content\/uploads\/2025\/11\/7a5481ee-5afc-43ab-ad15-5b4608bee190-15x12.jpg 15w\" sizes=\"(max-width: 737px) 100vw, 737px\" \/><\/div>\n\t\t<\/a>\n\t\t\t\t<div class=\"elementor-post__text\">\n\t\t\t\t<h3 class=\"elementor-post__title\">\n\t\t\t<a href=\"https:\/\/www.karl-lamers.de\/de\/80-jahre-rhein-neckar-zeitung\/\" >\n\t\t\t\t80 Jahre Rhein-Neckar-Zeitung.\t\t\t<\/a>\n\t\t<\/h3>\n\t\t\t\t<div class=\"elementor-post__excerpt\">\n\t\t\t<p>01.11.2025 Acht Jahrzehnte RNZ ist schon ein toller, bemerkenswerter Geburtstag und eine veritableErfolgsgeschichte.Als ich die Einladung zum Festakt erhielt, habe ich nat\u00fcrlich sofort meine Teilnahmezugesagt.<\/p>\n\t\t<\/div>\n\t\t\t\t<\/div>\n\t\t\t\t<\/article>\n\t\t\t\t<article class=\"elementor-post elementor-grid-item post-8652 post type-post status-publish format-standard has-post-thumbnail hentry category-news\">\n\t\t\t\t<a class=\"elementor-post__thumbnail__link\" href=\"https:\/\/www.karl-lamers.de\/de\/salonabend-23-10-2025\/\" >\n\t\t\t<div class=\"elementor-post__thumbnail\"><img loading=\"lazy\" decoding=\"async\" width=\"1600\" height=\"900\" src=\"https:\/\/www.karl-lamers.de\/wp-content\/uploads\/2025\/10\/1d3b72bd-4699-4ffd-af15-9d1b2f62c169-1.jpg\" class=\"attachment-full size-full wp-image-8650\" alt=\"\" srcset=\"https:\/\/www.karl-lamers.de\/wp-content\/uploads\/2025\/10\/1d3b72bd-4699-4ffd-af15-9d1b2f62c169-1.jpg 1600w, https:\/\/www.karl-lamers.de\/wp-content\/uploads\/2025\/10\/1d3b72bd-4699-4ffd-af15-9d1b2f62c169-1-300x169.jpg 300w, https:\/\/www.karl-lamers.de\/wp-content\/uploads\/2025\/10\/1d3b72bd-4699-4ffd-af15-9d1b2f62c169-1-1024x576.jpg 1024w, https:\/\/www.karl-lamers.de\/wp-content\/uploads\/2025\/10\/1d3b72bd-4699-4ffd-af15-9d1b2f62c169-1-768x432.jpg 768w, https:\/\/www.karl-lamers.de\/wp-content\/uploads\/2025\/10\/1d3b72bd-4699-4ffd-af15-9d1b2f62c169-1-1536x864.jpg 1536w, https:\/\/www.karl-lamers.de\/wp-content\/uploads\/2025\/10\/1d3b72bd-4699-4ffd-af15-9d1b2f62c169-1-18x10.jpg 18w\" sizes=\"(max-width: 1600px) 100vw, 1600px\" \/><\/div>\n\t\t<\/a>\n\t\t\t\t<div class=\"elementor-post__text\">\n\t\t\t\t<h3 class=\"elementor-post__title\">\n\t\t\t<a href=\"https:\/\/www.karl-lamers.de\/de\/salonabend-23-10-2025\/\" >\n\t\t\t\tSalonabend 23.10.2025\t\t\t<\/a>\n\t\t<\/h3>\n\t\t\t\t<div class=\"elementor-post__excerpt\">\n\t\t\t<p>30.10.25 R\u00fcckblick auf einen inspirierenden Abend bei KPMG in Heidelberg! Vergangene Woche war ich eingeladen, beim KPMG-Salonabend im Europ\u00e4ischen Hof das Hauptreferat zu halten. Der<\/p>\n\t\t<\/div>\n\t\t\t\t<\/div>\n\t\t\t\t<\/article>\n\t\t\t\t<article class=\"elementor-post elementor-grid-item post-8626 post type-post status-publish format-standard has-post-thumbnail hentry category-news\">\n\t\t\t\t<a class=\"elementor-post__thumbnail__link\" href=\"https:\/\/www.karl-lamers.de\/de\/grusswort-an-der-akademie-der-wissenschaften\/\" >\n\t\t\t<div class=\"elementor-post__thumbnail\"><img loading=\"lazy\" decoding=\"async\" width=\"960\" height=\"1280\" src=\"https:\/\/www.karl-lamers.de\/wp-content\/uploads\/2025\/09\/2222.jpg\" class=\"attachment-full size-full wp-image-8630\" alt=\"\" srcset=\"https:\/\/www.karl-lamers.de\/wp-content\/uploads\/2025\/09\/2222.jpg 960w, https:\/\/www.karl-lamers.de\/wp-content\/uploads\/2025\/09\/2222-225x300.jpg 225w, https:\/\/www.karl-lamers.de\/wp-content\/uploads\/2025\/09\/2222-768x1024.jpg 768w, https:\/\/www.karl-lamers.de\/wp-content\/uploads\/2025\/09\/2222-9x12.jpg 9w\" sizes=\"(max-width: 960px) 100vw, 960px\" \/><\/div>\n\t\t<\/a>\n\t\t\t\t<div class=\"elementor-post__text\">\n\t\t\t\t<h3 class=\"elementor-post__title\">\n\t\t\t<a href=\"https:\/\/www.karl-lamers.de\/de\/grusswort-an-der-akademie-der-wissenschaften\/\" >\n\t\t\t\tGru\u00dfwort an der Akademie der Wissenschaften\t\t\t<\/a>\n\t\t<\/h3>\n\t\t\t\t<div class=\"elementor-post__excerpt\">\n\t\t\t<p>25.09.2025 Zum Auftakt der Gemeinsamen Tagung der Estnischen Akademie der Wissenschaften (Tallinn) und der Heidelberger Akademie der Wissenschaften hatte ich als Honorarkonsul der Republik Estland<\/p>\n\t\t<\/div>\n\t\t\t\t<\/div>\n\t\t\t\t<\/article>\n\t\t\t\t<article class=\"elementor-post elementor-grid-item post-8605 post type-post status-publish format-standard has-post-thumbnail hentry category-konsulat category-news\">\n\t\t\t\t<a class=\"elementor-post__thumbnail__link\" href=\"https:\/\/www.karl-lamers.de\/de\/vom-nato-gipfel-in-den-haag-bis-zur-bleelumbe-kerwe-in-ziegelhausen\/\" >\n\t\t\t<div class=\"elementor-post__thumbnail\"><img loading=\"lazy\" decoding=\"async\" width=\"1200\" height=\"1600\" src=\"https:\/\/www.karl-lamers.de\/wp-content\/uploads\/2025\/07\/b03ac928-439b-4722-bca1-fb1563abd6a1.jpg\" class=\"attachment-full size-full wp-image-8617\" alt=\"\" srcset=\"https:\/\/www.karl-lamers.de\/wp-content\/uploads\/2025\/07\/b03ac928-439b-4722-bca1-fb1563abd6a1.jpg 1200w, https:\/\/www.karl-lamers.de\/wp-content\/uploads\/2025\/07\/b03ac928-439b-4722-bca1-fb1563abd6a1-225x300.jpg 225w, https:\/\/www.karl-lamers.de\/wp-content\/uploads\/2025\/07\/b03ac928-439b-4722-bca1-fb1563abd6a1-768x1024.jpg 768w, https:\/\/www.karl-lamers.de\/wp-content\/uploads\/2025\/07\/b03ac928-439b-4722-bca1-fb1563abd6a1-1152x1536.jpg 1152w, https:\/\/www.karl-lamers.de\/wp-content\/uploads\/2025\/07\/b03ac928-439b-4722-bca1-fb1563abd6a1-9x12.jpg 9w\" sizes=\"(max-width: 1200px) 100vw, 1200px\" \/><\/div>\n\t\t<\/a>\n\t\t\t\t<div class=\"elementor-post__text\">\n\t\t\t\t<h3 class=\"elementor-post__title\">\n\t\t\t<a href=\"https:\/\/www.karl-lamers.de\/de\/vom-nato-gipfel-in-den-haag-bis-zur-bleelumbe-kerwe-in-ziegelhausen\/\" >\n\t\t\t\tVom NATO-Gipfel in Den Haag bis zur Bleelumbe-Kerwe in Ziegelhausen\t\t\t<\/a>\n\t\t<\/h3>\n\t\t\t\t<div class=\"elementor-post__excerpt\">\n\t\t\t<p>13.07.25 Die letzten Wochen waren eigentlich gepr\u00e4gt wie meine aktive Zeit als Bundestagsabgeordneter \u2013 von der Weltb\u00fchne bis zur vollen Pr\u00e4senz in den St\u00e4dten und<\/p>\n\t\t<\/div>\n\t\t\t\t<\/div>\n\t\t\t\t<\/article>\n\t\t\t\t<article class=\"elementor-post elementor-grid-item post-8601 post type-post status-publish format-video has-post-thumbnail hentry category-news post_format-post-format-video\">\n\t\t\t\t<a class=\"elementor-post__thumbnail__link\" href=\"https:\/\/www.karl-lamers.de\/de\/statement-zum-russland-manifest-der-linken-spd-im-rhein-neckar-fernsehen\/\" >\n\t\t\t<div class=\"elementor-post__thumbnail\"><img loading=\"lazy\" decoding=\"async\" width=\"2024\" height=\"1374\" src=\"https:\/\/www.karl-lamers.de\/wp-content\/uploads\/2025\/06\/Bildschirmfoto-2025-06-12-um-18.52.16.png\" class=\"attachment-full size-full wp-image-8603\" alt=\"\" srcset=\"https:\/\/www.karl-lamers.de\/wp-content\/uploads\/2025\/06\/Bildschirmfoto-2025-06-12-um-18.52.16.png 2024w, https:\/\/www.karl-lamers.de\/wp-content\/uploads\/2025\/06\/Bildschirmfoto-2025-06-12-um-18.52.16-300x204.png 300w, https:\/\/www.karl-lamers.de\/wp-content\/uploads\/2025\/06\/Bildschirmfoto-2025-06-12-um-18.52.16-1024x695.png 1024w, https:\/\/www.karl-lamers.de\/wp-content\/uploads\/2025\/06\/Bildschirmfoto-2025-06-12-um-18.52.16-768x521.png 768w, https:\/\/www.karl-lamers.de\/wp-content\/uploads\/2025\/06\/Bildschirmfoto-2025-06-12-um-18.52.16-1536x1043.png 1536w, https:\/\/www.karl-lamers.de\/wp-content\/uploads\/2025\/06\/Bildschirmfoto-2025-06-12-um-18.52.16-18x12.png 18w\" sizes=\"(max-width: 2024px) 100vw, 2024px\" \/><\/div>\n\t\t<\/a>\n\t\t\t\t<div class=\"elementor-post__text\">\n\t\t\t\t<h3 class=\"elementor-post__title\">\n\t\t\t<a href=\"https:\/\/www.karl-lamers.de\/de\/statement-zum-russland-manifest-der-linken-spd-im-rhein-neckar-fernsehen\/\" >\n\t\t\t\tStatement zum Russland-Manifest der linken SPD im Rhein-Neckar-Fernsehen\t\t\t<\/a>\n\t\t<\/h3>\n\t\t\t\t<div class=\"elementor-post__excerpt\">\n\t\t\t<p>12. Juni 2025 Quelle: RNF\/Wolfgang Gr\u00fcnwald<\/p>\n\t\t<\/div>\n\t\t\t\t<\/div>\n\t\t\t\t<\/article>\n\t\t\t\t<article class=\"elementor-post elementor-grid-item post-8599 post type-post status-publish format-standard has-post-thumbnail hentry category-news\">\n\t\t\t\t<a class=\"elementor-post__thumbnail__link\" href=\"https:\/\/www.karl-lamers.de\/de\/ueberraschung-fuer-georg-gaenswein-vatikan-botschafter-fuer-estland-lettland-und-litauen-2\/\" >\n\t\t\t<div class=\"elementor-post__thumbnail\"><img loading=\"lazy\" decoding=\"async\" width=\"1080\" height=\"1440\" src=\"https:\/\/www.karl-lamers.de\/wp-content\/uploads\/2025\/06\/Georg-Gaenswein_VIlnius_Mai-2025.jpg\" class=\"attachment-full size-full wp-image-8553\" alt=\"\" srcset=\"https:\/\/www.karl-lamers.de\/wp-content\/uploads\/2025\/06\/Georg-Gaenswein_VIlnius_Mai-2025.jpg 1080w, https:\/\/www.karl-lamers.de\/wp-content\/uploads\/2025\/06\/Georg-Gaenswein_VIlnius_Mai-2025-225x300.jpg 225w, https:\/\/www.karl-lamers.de\/wp-content\/uploads\/2025\/06\/Georg-Gaenswein_VIlnius_Mai-2025-768x1024.jpg 768w, https:\/\/www.karl-lamers.de\/wp-content\/uploads\/2025\/06\/Georg-Gaenswein_VIlnius_Mai-2025-9x12.jpg 9w\" sizes=\"(max-width: 1080px) 100vw, 1080px\" \/><\/div>\n\t\t<\/a>\n\t\t\t\t<div class=\"elementor-post__text\">\n\t\t\t\t<h3 class=\"elementor-post__title\">\n\t\t\t<a href=\"https:\/\/www.karl-lamers.de\/de\/ueberraschung-fuer-georg-gaenswein-vatikan-botschafter-fuer-estland-lettland-und-litauen-2\/\" >\n\t\t\t\t\u00dcberraschung f\u00fcr Georg G\u00e4nswein, Vatikan-Botschafter f\u00fcr Estland, Lettland und Litauen\t\t\t<\/a>\n\t\t<\/h3>\n\t\t\t\t<div class=\"elementor-post__excerpt\">\n\t\t\t<p>Samstag 24. MAI 2025 \/ Seite 15, Mannheimer Morgen \u00dcberraschung f\u00fcr G\u00e4nswein Gastgeschenk: Karl Lamers bringt Becker-Schl\u00e4ger mit. Heidelberg. Ein spannendes Gastgeschenk hatte der fr\u00fchere<\/p>\n\t\t<\/div>\n\t\t\t\t<\/div>\n\t\t\t\t<\/article>\n\t\t\t\t<article class=\"elementor-post elementor-grid-item post-8595 post type-post status-publish format-standard has-post-thumbnail hentry category-news\">\n\t\t\t\t<a class=\"elementor-post__thumbnail__link\" href=\"https:\/\/www.karl-lamers.de\/de\/papst-leo-xiv-friedenspapst\/\" >\n\t\t\t<div class=\"elementor-post__thumbnail\"><img loading=\"lazy\" decoding=\"async\" width=\"1536\" height=\"1023\" src=\"https:\/\/www.karl-lamers.de\/wp-content\/uploads\/2025\/06\/1746808256231.jpeg\" class=\"attachment-full size-full wp-image-8596\" alt=\"\" srcset=\"https:\/\/www.karl-lamers.de\/wp-content\/uploads\/2025\/06\/1746808256231.jpeg 1536w, https:\/\/www.karl-lamers.de\/wp-content\/uploads\/2025\/06\/1746808256231-300x200.jpeg 300w, https:\/\/www.karl-lamers.de\/wp-content\/uploads\/2025\/06\/1746808256231-1024x682.jpeg 1024w, https:\/\/www.karl-lamers.de\/wp-content\/uploads\/2025\/06\/1746808256231-768x512.jpeg 768w, https:\/\/www.karl-lamers.de\/wp-content\/uploads\/2025\/06\/1746808256231-18x12.jpeg 18w\" sizes=\"(max-width: 1536px) 100vw, 1536px\" \/><\/div>\n\t\t<\/a>\n\t\t\t\t<div class=\"elementor-post__text\">\n\t\t\t\t<h3 class=\"elementor-post__title\">\n\t\t\t<a href=\"https:\/\/www.karl-lamers.de\/de\/papst-leo-xiv-friedenspapst\/\" >\n\t\t\t\tPapst Leo XIV. \u2013 Friedenspapst\t\t\t<\/a>\n\t\t<\/h3>\n\t\t\t\t<div class=\"elementor-post__excerpt\">\n\t\t\t<p>9. Mai 2025 Habemus Papam: \u201eDer Friede sei mit euch allen!\u201c war die erste Botschaft des Papstes Leo XIV. an die Menschen aus aller Welt.F\u00fcr<\/p>\n\t\t<\/div>\n\t\t\t\t<\/div>\n\t\t\t\t<\/article>\n\t\t\t\t<article class=\"elementor-post elementor-grid-item post-8592 post type-post status-publish format-standard has-post-thumbnail hentry category-news\">\n\t\t\t\t<a class=\"elementor-post__thumbnail__link\" href=\"https:\/\/www.karl-lamers.de\/de\/glueckwunsch-an-friedrich-merz\/\" >\n\t\t\t<div class=\"elementor-post__thumbnail\"><img loading=\"lazy\" decoding=\"async\" width=\"800\" height=\"1067\" src=\"https:\/\/www.karl-lamers.de\/wp-content\/uploads\/2025\/06\/1746552047558.jpeg\" class=\"attachment-full size-full wp-image-8593\" alt=\"\" srcset=\"https:\/\/www.karl-lamers.de\/wp-content\/uploads\/2025\/06\/1746552047558.jpeg 800w, https:\/\/www.karl-lamers.de\/wp-content\/uploads\/2025\/06\/1746552047558-225x300.jpeg 225w, https:\/\/www.karl-lamers.de\/wp-content\/uploads\/2025\/06\/1746552047558-768x1024.jpeg 768w, https:\/\/www.karl-lamers.de\/wp-content\/uploads\/2025\/06\/1746552047558-9x12.jpeg 9w\" sizes=\"(max-width: 800px) 100vw, 800px\" \/><\/div>\n\t\t<\/a>\n\t\t\t\t<div class=\"elementor-post__text\">\n\t\t\t\t<h3 class=\"elementor-post__title\">\n\t\t\t<a href=\"https:\/\/www.karl-lamers.de\/de\/glueckwunsch-an-friedrich-merz\/\" >\n\t\t\t\tGl\u00fcckwunsch an Friedrich Merz\t\t\t<\/a>\n\t\t<\/h3>\n\t\t\t\t<div class=\"elementor-post__excerpt\">\n\t\t\t<p>6. Mai 2025 Herzlichen Gl\u00fcckwunsch lieber Friedrich Merz zur Wahl zum Bundeskanzler der Bundesrepublik Deutschland! Ich bin ehrlich gesagt richtig erleichtert, dass Deutschland mit ihm<\/p>\n\t\t<\/div>\n\t\t\t\t<\/div>\n\t\t\t\t<\/article>\n\t\t\t\t<\/div>\n\t\t\n\t\t\t\t<\/div>\n\t\t\t\t<\/div>\n\t\t\t\t\t<\/div>\n\t\t<\/div>\n\t\t\t\t<div class=\"elementor-column elementor-col-50 elementor-top-column elementor-element elementor-element-7f3fed3\" data-id=\"7f3fed3\" data-element_type=\"column\">\n\t\t\t<div class=\"elementor-widget-wrap elementor-element-populated\">\n\t\t\t\t\t\t<div class=\"elementor-element elementor-element-fb7c504 elementor-widget elementor-widget-image\" data-id=\"fb7c504\" data-element_type=\"widget\" data-widget_type=\"image.default\">\n\t\t\t\t<div class=\"elementor-widget-container\">\n\t\t\t\t\t\t\t\t\t\t\t\t\t<img loading=\"lazy\" decoding=\"async\" width=\"1024\" height=\"683\" src=\"https:\/\/www.karl-lamers.de\/wp-content\/uploads\/2022\/04\/Estland-am-Schreibtisch-SM2A6259-Karl-Lamers-Busse-3000px-002-1024x683.jpg\" class=\"attachment-large size-large wp-image-6682\" alt=\"\" srcset=\"https:\/\/www.karl-lamers.de\/wp-content\/uploads\/2022\/04\/Estland-am-Schreibtisch-SM2A6259-Karl-Lamers-Busse-3000px-002-1024x683.jpg 1024w, https:\/\/www.karl-lamers.de\/wp-content\/uploads\/2022\/04\/Estland-am-Schreibtisch-SM2A6259-Karl-Lamers-Busse-3000px-002-300x200.jpg 300w, https:\/\/www.karl-lamers.de\/wp-content\/uploads\/2022\/04\/Estland-am-Schreibtisch-SM2A6259-Karl-Lamers-Busse-3000px-002-768x512.jpg 768w, https:\/\/www.karl-lamers.de\/wp-content\/uploads\/2022\/04\/Estland-am-Schreibtisch-SM2A6259-Karl-Lamers-Busse-3000px-002-1536x1024.jpg 1536w, https:\/\/www.karl-lamers.de\/wp-content\/uploads\/2022\/04\/Estland-am-Schreibtisch-SM2A6259-Karl-Lamers-Busse-3000px-002-2048x1365.jpg 2048w\" sizes=\"(max-width: 1024px) 100vw, 1024px\" \/>\t\t\t\t\t\t\t\t\t\t\t\t\t<\/div>\n\t\t\t\t<\/div>\n\t\t\t\t\t<\/div>\n\t\t<\/div>\n\t\t\t\t\t<\/div>\n\t\t<\/section>\n\t\t\t\t<\/div>\n\t\t","protected":false},"excerpt":{"rendered":"<p>Pressemitteilungen<\/p>\n","protected":false},"author":1,"featured_media":0,"parent":0,"menu_order":0,"comment_status":"closed","ping_status":"closed","template":"","meta":{"site-sidebar-layout":"no-sidebar","site-content-layout":"page-builder","ast-site-content-layout":"default","site-content-style":"default","site-sidebar-style":"unboxed","ast-global-header-display":"","ast-banner-title-visibility":"","ast-main-header-display":"","ast-hfb-above-header-display":"","ast-hfb-below-header-display":"","ast-hfb-mobile-header-display":"","site-post-title":"disabled","ast-breadcrumbs-content":"","ast-featured-img":"disabled","footer-sml-layout":"","theme-transparent-header-meta":"","adv-header-id-meta":"","stick-header-meta":"","header-above-stick-meta":"","header-main-stick-meta":"","header-below-stick-meta":"","astra-migrate-meta-layouts":"set","ast-page-background-enabled":"default","ast-page-background-meta":{"desktop":{"background-color":"","background-image":"","background-repeat":"repeat","background-position":"center center","background-size":"auto","background-attachment":"scroll","background-type":"","background-media":"","overlay-type":"","overlay-color":"","overlay-gradient":""},"tablet":{"background-color":"","background-image":"","background-repeat":"repeat","background-position":"center center","background-size":"auto","background-attachment":"scroll","background-type":"","background-media":"","overlay-type":"","overlay-color":"","overlay-gradient":""},"mobile":{"background-color":"","background-image":"","background-repeat":"repeat","background-position":"center center","background-size":"auto","background-attachment":"scroll","background-type":"","background-media":"","overlay-type":"","overlay-color":"","overlay-gradient":""}},"ast-content-background-meta":{"desktop":{"background-color":"var(--ast-global-color-5)","background-image":"","background-repeat":"repeat","background-position":"center center","background-size":"auto","background-attachment":"scroll","background-type":"","background-media":"","overlay-type":"","overlay-color":"","overlay-gradient":""},"tablet":{"background-color":"var(--ast-global-color-5)","background-image":"","background-repeat":"repeat","background-position":"center center","background-size":"auto","background-attachment":"scroll","background-type":"","background-media":"","overlay-type":"","overlay-color":"","overlay-gradient":""},"mobile":{"background-color":"var(--ast-global-color-5)","background-image":"","background-repeat":"repeat","background-position":"center center","background-size":"auto","background-attachment":"scroll","background-type":"","background-media":"","overlay-type":"","overlay-color":"","overlay-gradient":""}},"footnotes":""},"wf_page_folders":[75],"_links":{"self":[{"href":"https:\/\/www.karl-lamers.de\/de\/wp-json\/wp\/v2\/pages\/6676"}],"collection":[{"href":"https:\/\/www.karl-lamers.de\/de\/wp-json\/wp\/v2\/pages"}],"about":[{"href":"https:\/\/www.karl-lamers.de\/de\/wp-json\/wp\/v2\/types\/page"}],"author":[{"embeddable":true,"href":"https:\/\/www.karl-lamers.de\/de\/wp-json\/wp\/v2\/users\/1"}],"replies":[{"embeddable":true,"href":"https:\/\/www.karl-lamers.de\/de\/wp-json\/wp\/v2\/comments?post=6676"}],"version-history":[{"count":32,"href":"https:\/\/www.karl-lamers.de\/de\/wp-json\/wp\/v2\/pages\/6676\/revisions"}],"predecessor-version":[{"id":7972,"href":"https:\/\/www.karl-lamers.de\/de\/wp-json\/wp\/v2\/pages\/6676\/revisions\/7972"}],"wp:attachment":[{"href":"https:\/\/www.karl-lamers.de\/de\/wp-json\/wp\/v2\/media?parent=6676"}],"wp:term":[{"taxonomy":"wf_page_folders","embeddable":true,"href":"https:\/\/www.karl-lamers.de\/de\/wp-json\/wp\/v2\/wf_page_folders?post=6676"}],"curies":[{"name":"wp","href":"https:\/\/api.w.org\/{rel}","templated":true}]}}